{"id":2580,"date":"2024-09-14T02:39:43","date_gmt":"2024-09-14T02:39:43","guid":{"rendered":"https:\/\/demo.casethemes.net\/aimo\/?page_id=2580"},"modified":"2026-04-03T15:44:27","modified_gmt":"2026-04-03T12:44:27","slug":"iletisim","status":"publish","type":"page","link":"https:\/\/www.cogniva.com.tr\/en\/iletisim\/","title":{"rendered":"\u0130leti\u015fim"},"content":{"rendered":"<div data-elementor-type=\"wp-page\" data-elementor-id=\"2580\" class=\"elementor elementor-2580\">\n\t\t\t\t        <section class=\"elementor-section elementor-top-section elementor-element elementor-element-ca45f33 elementor-section-stretched elementor-section-boxed elementor-section-height-default elementor-section-height-default pxl-row-scroll-none none pxl-zoom-point-false pxl-section-overflow-visible pxl-section-fix-none pxl-bg-color-none pxl-section-overlay-none\" data-id=\"ca45f33\" data-element_type=\"section\" data-settings=\"{&quot;stretch_section&quot;:&quot;section-stretched&quot;}\">\n\n                \n                <div class=\"elementor-container elementor-column-gap-extended\">\n                <div class=\"elementor-column elementor-col-100 elementor-top-column elementor-element elementor-element-bbcefa7 pxl-column-none pxl-column-overflow-hidden-no\" data-id=\"bbcefa7\" data-element_type=\"column\">\r\n        <div class=\"elementor-widget-wrap elementor-element-populated\">\r\n                     \r\n        \t\t<div class=\"elementor-element elementor-element-da85de0 elementor-widget elementor-widget-pxl_heading\" data-id=\"da85de0\" data-element_type=\"widget\" data-widget_type=\"pxl_heading.default\">\n\t\t\t\t<div class=\"elementor-widget-container\">\n\t\t\t\t\t\n<div id=\"pxl-pxl_heading-da85de0-9245\" class=\"pxl-heading  px-sub-title-default-style\">\n\t<div class=\"pxl-heading--inner\">\n\t\t\n\t\t<h2 class=\"pxl-item--title style-default highlight-default\" data-wow-delay=\"ms\">\n\n\t\t\t<span class=\"pxl-heading--text no\">\n\n\t\t\t\t\t\t\t\t\tContact Us Now\t\n\t\t\t\t\t\n\n\t\t\t<\/span>\n\t\t<\/h2>\n\t\t\n\t<\/div>\n<\/div>\n\n\n\n\n\t\t\t\t<\/div>\n\t\t\t\t<\/div>\n\t\t        <section class=\"elementor-section elementor-inner-section elementor-element elementor-element-09b2805 elementor-section-full_width elementor-section-height-default elementor-section-height-default pxl-row-scroll-none none pxl-zoom-point-false pxl-section-overflow-visible pxl-section-fix-none pxl-full-content-with-space-none pxl-bg-color-none pxl-section-overlay-none\" data-id=\"09b2805\" data-element_type=\"section\" data-settings=\"{&quot;background_background&quot;:&quot;classic&quot;}\">\n\n                \n                <div class=\"elementor-container elementor-column-gap-no\">\n                <div class=\"elementor-column elementor-col-33 elementor-inner-column elementor-element elementor-element-eff34be pxl-column-none pxl-column-overflow-hidden-no\" data-id=\"eff34be\" data-element_type=\"column\">\r\n        <div class=\"elementor-widget-wrap elementor-element-populated\">\r\n                     \r\n        \t\t<div class=\"elementor-element elementor-element-ee1bd8a elementor-widget elementor-widget-pxl_icon_text\" data-id=\"ee1bd8a\" data-element_type=\"widget\" data-widget_type=\"pxl_icon_text.default\">\n\t\t\t\t<div class=\"elementor-widget-container\">\n\t\t\t\t\t\r\n<div class=\"pxl-icon-text pxl-icon-text1 style-4 wow zoomInSmall\" data-wow-delay=\"ms\">\r\n    <div class=\"pxl-item--inner\">\r\n                <div class=\"pxl-item-wrap\">\r\n                            <div class=\"pxl-item--icon\">\r\n                    <svg xmlns=\"http:\/\/www.w3.org\/2000\/svg\" width=\"32\" height=\"32\" viewbox=\"0 0 32 32\" fill=\"white\"><g clip-path=\"url(#clip0_91_114)\"><path d=\"M16 0C10.3772 0 5.6875 4.52938 5.6875 10.3125C5.6875 12.5126 6.34862 14.4745 7.61744 16.3129L15.2108 28.1616C15.5792 28.7376 16.4216 28.7365 16.7892 28.1616L24.4155 16.2726C25.657 14.5175 26.3125 12.4567 26.3125 10.3125C26.3125 4.62619 21.6863 0 16 0ZM16 15C13.4154 15 11.3125 12.8971 11.3125 10.3125C11.3125 7.72794 13.4154 5.625 16 5.625C18.5846 5.625 20.6875 7.72794 20.6875 10.3125C20.6875 12.8971 18.5846 15 16 15Z\"><\/path><path d=\"M23.329 21.5434L18.6083 28.9239C17.3864 30.829 14.6068 30.8228 13.3907 28.9257L8.66238 21.5454C4.50213 22.5073 1.9375 24.2693 1.9375 26.375C1.9375 30.0289 9.183 32 16 32C22.817 32 30.0625 30.0289 30.0625 26.375C30.0625 24.2678 27.4943 22.5048 23.329 21.5434Z\"><\/path><\/g><defs><clippath id=\"clip0_91_114\"><rect width=\"32\" height=\"32\" fill=\"white\"><\/rect><\/clippath><\/defs><\/svg>                <\/div>\r\n                                    <div class=\"pxl-item--meta\">\r\n                <h3 class=\"pxl-item--title\">\r\n                    Location                <\/h3>\r\n            <\/div>\r\n        <\/div>\r\n    <\/div>\r\n<\/div>\t\t\t\t<\/div>\n\t\t\t\t<\/div>\n\t\t\t\t<div class=\"elementor-element elementor-element-fc5560a elementor-widget elementor-widget-pxl_text_editor\" data-id=\"fc5560a\" data-element_type=\"widget\" data-widget_type=\"pxl_text_editor.default\">\n\t\t\t\t<div class=\"elementor-widget-container\">\n\t\t\t\t\t<div class=\"pxl-text-editor highlight-gradient\">\n\t<div class=\"pxl-item--inner no\" \n\tdata-wow-delay=\"ms\"><p class=\"p1\">You can reach our R&amp;D office at any time you wish.<\/p><\/div>\n<\/div>\t\t\t\t<\/div>\n\t\t\t\t<\/div>\n\t\t\t\t<div class=\"elementor-element elementor-element-dc3a9be elementor-widget elementor-widget-pxl_link\" data-id=\"dc3a9be\" data-element_type=\"widget\" data-widget_type=\"pxl_link.default\">\n\t\t\t\t<div class=\"elementor-widget-container\">\n\t\t\t\t\t<div class=\"pxl-link-wrap\">\r\n    <h3 class=\"pxl-widget-title pxl-empty\"><\/h3>\r\n            <ul id=\"pxl-link-pxl_link-dc3a9be-1391\" class=\"pxl-link pxl-link-l1 style-default type-vertical\">\r\n                                <li class=\"pxl-item--link\">\r\n                        <a class=\"\" >\r\n                                                        <span class=\"pxl-link--text\">Bo\u011fazi\u00e7i \u00dcniversitesi Teknopark &#8211; No: 104\/13 \u0130\u00e7 Kap\u0131 No: 18 \u00dcsk\u00fcdar \/ \u0130stanbul<\/span>\r\n                        <\/a>\r\n                    <\/li>\r\n                    <\/ul>\r\n    <\/div>\t\t\t\t<\/div>\n\t\t\t\t<\/div>\n\t\t            <\/div>\r\n        <\/div>\r\n                <div class=\"elementor-column elementor-col-33 elementor-inner-column elementor-element elementor-element-f7c1537 pxl-column-none pxl-column-overflow-hidden-no\" data-id=\"f7c1537\" data-element_type=\"column\">\r\n        <div class=\"elementor-widget-wrap elementor-element-populated\">\r\n                     \r\n        \t\t<div class=\"elementor-element elementor-element-7174557 elementor-widget elementor-widget-pxl_icon_text\" data-id=\"7174557\" data-element_type=\"widget\" data-widget_type=\"pxl_icon_text.default\">\n\t\t\t\t<div class=\"elementor-widget-container\">\n\t\t\t\t\t\r\n<div class=\"pxl-icon-text pxl-icon-text1 style-4 wow zoomInSmall\" data-wow-delay=\"ms\">\r\n    <div class=\"pxl-item--inner\">\r\n                <div class=\"pxl-item-wrap\">\r\n                            <div class=\"pxl-item--icon\">\r\n                    <svg xmlns=\"http:\/\/www.w3.org\/2000\/svg\" width=\"32\" height=\"32\" viewbox=\"0 0 32 32\" fill=\"white\"><path d=\"M16.9256 20.0425C16.6234 20.2314 16.2834 20.307 15.9811 20.307C15.6789 20.307 15.3388 20.2314 15.0366 20.0425L0 10.8619V23.0649C0 25.6718 2.1157 27.7875 4.72255 27.7875H27.2775C29.8843 27.7875 32 25.6718 32 23.0649V10.8619L16.9256 20.0425Z\"><\/path><path d=\"M27.2748 4.2124H4.71987C2.49082 4.2124 0.601802 5.79918 0.148438 7.91488L16.0162 17.5867L31.8462 7.91488C31.3928 5.79918 29.5038 4.2124 27.2748 4.2124Z\"><\/path><\/svg>                <\/div>\r\n                                    <div class=\"pxl-item--meta\">\r\n                <h3 class=\"pxl-item--title\">\r\n                    E-mail                <\/h3>\r\n            <\/div>\r\n        <\/div>\r\n    <\/div>\r\n<\/div>\t\t\t\t<\/div>\n\t\t\t\t<\/div>\n\t\t\t\t<div class=\"elementor-element elementor-element-b9fe527 elementor-widget elementor-widget-pxl_text_editor\" data-id=\"b9fe527\" data-element_type=\"widget\" data-widget_type=\"pxl_text_editor.default\">\n\t\t\t\t<div class=\"elementor-widget-container\">\n\t\t\t\t\t<div class=\"pxl-text-editor highlight-gradient\">\n\t<div class=\"pxl-item--inner no\" \n\tdata-wow-delay=\"ms\"><p class=\"p1\">You can send us an email for project and collaboration requests.<\/p><\/div>\n<\/div>\t\t\t\t<\/div>\n\t\t\t\t<\/div>\n\t\t\t\t<div class=\"elementor-element elementor-element-08aaf7e elementor-widget elementor-widget-pxl_link\" data-id=\"08aaf7e\" data-element_type=\"widget\" data-widget_type=\"pxl_link.default\">\n\t\t\t\t<div class=\"elementor-widget-container\">\n\t\t\t\t\t<div class=\"pxl-link-wrap\">\r\n    <h3 class=\"pxl-widget-title pxl-empty\"><\/h3>\r\n            <ul id=\"pxl-link-pxl_link-08aaf7e-7723\" class=\"pxl-link pxl-link-l1 style-default type-vertical\">\r\n                                <li class=\"pxl-item--link\">\r\n                        <a class=\"\" href=\"mailto:tanya.hill@example.com\">\r\n                                                        <span class=\"pxl-link--text\">info@cogniva.com.tr<\/span>\r\n                        <\/a>\r\n                    <\/li>\r\n                    <\/ul>\r\n    <\/div>\t\t\t\t<\/div>\n\t\t\t\t<\/div>\n\t\t            <\/div>\r\n        <\/div>\r\n                <div class=\"elementor-column elementor-col-33 elementor-inner-column elementor-element elementor-element-b89dddc pxl-column-none pxl-column-overflow-hidden-no\" data-id=\"b89dddc\" data-element_type=\"column\">\r\n        <div class=\"elementor-widget-wrap elementor-element-populated\">\r\n                     \r\n        \t\t<div class=\"elementor-element elementor-element-885f95b elementor-widget elementor-widget-pxl_icon_text\" data-id=\"885f95b\" data-element_type=\"widget\" data-widget_type=\"pxl_icon_text.default\">\n\t\t\t\t<div class=\"elementor-widget-container\">\n\t\t\t\t\t\r\n<div class=\"pxl-icon-text pxl-icon-text1 style-4 wow zoomInSmall\" data-wow-delay=\"ms\">\r\n    <div class=\"pxl-item--inner\">\r\n                <div class=\"pxl-item-wrap\">\r\n                            <div class=\"pxl-item--icon\">\r\n                    <i aria-hidden=\"true\" class=\"flaticon flaticon-viber\"><\/i>                <\/div>\r\n                                    <div class=\"pxl-item--meta\">\r\n                <h3 class=\"pxl-item--title\">\r\n                    Phone                <\/h3>\r\n            <\/div>\r\n        <\/div>\r\n    <\/div>\r\n<\/div>\t\t\t\t<\/div>\n\t\t\t\t<\/div>\n\t\t\t\t<div class=\"elementor-element elementor-element-f1c33cc elementor-widget elementor-widget-pxl_text_editor\" data-id=\"f1c33cc\" data-element_type=\"widget\" data-widget_type=\"pxl_text_editor.default\">\n\t\t\t\t<div class=\"elementor-widget-container\">\n\t\t\t\t\t<div class=\"pxl-text-editor highlight-gradient\">\n\t<div class=\"pxl-item--inner no\" \n\tdata-wow-delay=\"ms\"><p class=\"p1\">You can call us for quick communication.<\/p><\/div>\n<\/div>\t\t\t\t<\/div>\n\t\t\t\t<\/div>\n\t\t\t\t<div class=\"elementor-element elementor-element-8a88acf elementor-widget elementor-widget-pxl_link\" data-id=\"8a88acf\" data-element_type=\"widget\" data-widget_type=\"pxl_link.default\">\n\t\t\t\t<div class=\"elementor-widget-container\">\n\t\t\t\t\t<div class=\"pxl-link-wrap\">\r\n    <h3 class=\"pxl-widget-title pxl-empty\"><\/h3>\r\n            <ul id=\"pxl-link-pxl_link-8a88acf-8579\" class=\"pxl-link pxl-link-l1 style-default type-vertical\">\r\n                                <li class=\"pxl-item--link\">\r\n                        <a class=\"\" href=\"tel:6035550123\">\r\n                                                        <span class=\"pxl-link--text\">(+90) 216 606 24 68 <\/span>\r\n                        <\/a>\r\n                    <\/li>\r\n                    <\/ul>\r\n    <\/div>\t\t\t\t<\/div>\n\t\t\t\t<\/div>\n\t\t            <\/div>\r\n        <\/div>\r\n        \t\t\t<\/div>\n\t\t<\/section>\n\t\t            <\/div>\r\n        <\/div>\r\n        \t\t\t<\/div>\n\t\t<\/section>\n\t\t        <section class=\"elementor-section elementor-top-section elementor-element elementor-element-14ab846 elementor-section-stretched elementor-section-boxed elementor-section-height-default elementor-section-height-default pxl-row-scroll-none none pxl-zoom-point-false pxl-section-overflow-visible pxl-section-fix-none pxl-bg-color-none pxl-section-overlay-none\" data-id=\"14ab846\" data-element_type=\"section\" data-settings=\"{&quot;stretch_section&quot;:&quot;section-stretched&quot;}\">\n\n                \n                <div class=\"elementor-container elementor-column-gap-extended\">\n                <div class=\"elementor-column elementor-col-50 elementor-top-column elementor-element elementor-element-8fcc632 pxl-column-none pxl-column-overflow-hidden-no\" data-id=\"8fcc632\" data-element_type=\"column\">\r\n        <div class=\"elementor-widget-wrap elementor-element-populated\">\r\n                     \r\n        \t\t<div class=\"elementor-element elementor-element-68e37f2 elementor-widget elementor-widget-pxl_heading\" data-id=\"68e37f2\" data-element_type=\"widget\" data-widget_type=\"pxl_heading.default\">\n\t\t\t\t<div class=\"elementor-widget-container\">\n\t\t\t\t\t\n<div id=\"pxl-pxl_heading-68e37f2-9382\" class=\"pxl-heading  px-sub-title-default-style\">\n\t<div class=\"pxl-heading--inner\">\n\t\t\n\t\t<h2 class=\"pxl-item--title style-default highlight-default wow skewIn\" data-wow-delay=\"ms\">\n\n\t\t\t<span class=\"pxl-heading--text no\">\n\n\t\t\t\t\t\t\t\t\tOur Location Information\t\n\t\t\t\t\t\n\n\t\t\t<\/span>\n\t\t<\/h2>\n\t\t\n\t<\/div>\n<\/div>\n\n\n\n\n\t\t\t\t<\/div>\n\t\t\t\t<\/div>\n\t\t\t\t<div class=\"elementor-element elementor-element-c3615ae elementor-widget elementor-widget-pxl_text_editor\" data-id=\"c3615ae\" data-element_type=\"widget\" data-widget_type=\"pxl_text_editor.default\">\n\t\t\t\t<div class=\"elementor-widget-container\">\n\t\t\t\t\t<div class=\"pxl-text-editor highlight-gradient\">\n\t<div class=\"pxl-item--inner no\" \n\tdata-wow-delay=\"ms\"><p class=\"p1\">You can easily find our office location on the map and get directions.<\/p><\/div>\n<\/div>\t\t\t\t<\/div>\n\t\t\t\t<\/div>\n\t\t\t\t<div class=\"elementor-element elementor-element-6a2b433 elementor-widget elementor-widget-google_maps\" data-id=\"6a2b433\" data-element_type=\"widget\" data-widget_type=\"google_maps.default\">\n\t\t\t\t\t\t\t<div class=\"elementor-custom-embed\">\n\t\t\t<iframe loading=\"lazy\"\n\t\t\t\t\tsrc=\"https:\/\/maps.google.com\/maps?q=Bo%C4%9Fazi%C3%A7i%20%C3%9Cniversitesi%20Teknopark%20-%20Kandilli%20Mah.%20Rasathane%20Cad.%20Kandilli%20Rasathanesi%20Deprem%20Ara%C5%9Ft%C4%B1rma%20Enstit%C3%BCs%C3%BC%20No%3A%20104%2F13%20%C4%B0%C3%A7%20Kap%C4%B1%20No%3A%2018%20%C3%9Csk%C3%BCdar%20%2F%20%C4%B0stanbul&#038;t=m&#038;z=16&#038;output=embed&#038;iwloc=near\"\n\t\t\t\t\ttitle=\"Bo\u011fazi\u00e7i \u00dcniversitesi Teknopark - Kandilli Mah. Rasathane Cad. Kandilli Rasathanesi Deprem Ara\u015ft\u0131rma Enstit\u00fcs\u00fc No: 104\/13 \u0130\u00e7 Kap\u0131 No: 18 \u00dcsk\u00fcdar \/ \u0130stanbul\"\n\t\t\t\t\taria-label=\"Bo\u011fazi\u00e7i \u00dcniversitesi Teknopark - Kandilli Mah. Rasathane Cad. Kandilli Rasathanesi Deprem Ara\u015ft\u0131rma Enstit\u00fcs\u00fc No: 104\/13 \u0130\u00e7 Kap\u0131 No: 18 \u00dcsk\u00fcdar \/ \u0130stanbul\"\n\t\t\t><\/iframe>\n\t\t<\/div>\n\t\t\t\t\t\t<\/div>\n\t\t            <\/div>\r\n        <\/div>\r\n                <div class=\"elementor-column elementor-col-50 elementor-top-column elementor-element elementor-element-b2ea40a pxl-column-none pxl-column-overflow-hidden-no\" data-id=\"b2ea40a\" data-element_type=\"column\">\r\n        <div class=\"elementor-widget-wrap elementor-element-populated\">\r\n                     \r\n        \t\t<div class=\"elementor-element elementor-element-152a43d elementor-widget elementor-widget-pxl_contact_form\" data-id=\"152a43d\" data-element_type=\"widget\" data-widget_type=\"pxl_contact_form.default\">\n\t\t\t\t<div class=\"elementor-widget-container\">\n\t\t\t\t\t    <div class=\"pxl-contact-form pxl-contact-form1 btn-w-auto\" data-wow-delay=\"ms\">\r\n        \n<div class=\"wpcf7 no-js\" id=\"wpcf7-f2679-o1\" lang=\"en-US\" dir=\"ltr\" data-wpcf7-id=\"2679\">\n<div class=\"screen-reader-response\"><p role=\"status\" aria-live=\"polite\" aria-atomic=\"true\"><\/p> <ul><\/ul><\/div>\n<form action=\"\/en\/wp-json\/wp\/v2\/pages\/2580#wpcf7-f2679-o1\" method=\"post\" class=\"wpcf7-form init\" aria-label=\"Contact form\" novalidate=\"novalidate\" data-status=\"init\" data-trp-original-action=\"\/en\/wp-json\/wp\/v2\/pages\/2580#wpcf7-f2679-o1\">\n<fieldset class=\"hidden-fields-container\"><input type=\"hidden\" name=\"_wpcf7\" value=\"2679\" \/><input type=\"hidden\" name=\"_wpcf7_version\" value=\"6.1.4\" \/><input type=\"hidden\" name=\"_wpcf7_locale\" value=\"en_US\" \/><input type=\"hidden\" name=\"_wpcf7_unit_tag\" value=\"wpcf7-f2679-o1\" \/><input type=\"hidden\" name=\"_wpcf7_container_post\" value=\"0\" \/><input type=\"hidden\" name=\"_wpcf7_posted_data_hash\" value=\"\" \/>\n<\/fieldset>\n<div class=\"pxl-contact-form5\">\n\t<h4 class=\"pxl-heading\">Get in Touch With Us\n\t<\/h4>\n\t<div class=\"pxl-info\">\n\t\t<div class=\"pxl-first-name\">\n\t\t\t<p>First Name<br \/>\n<label><br \/>\n<span class=\"wpcf7-form-control-wrap\" data-name=\"text-405\"><input size=\"40\" maxlength=\"400\" class=\"wpcf7-form-control wpcf7-text wpcf7-validates-as-required\" aria-required=\"true\" aria-invalid=\"false\" placeholder=\"First Name\" value=\"\" type=\"text\" name=\"text-405\" \/><\/span><\/label>\n\t\t\t<\/p>\n\t\t<\/div>\n\t\t<div class=\"pxl-first-name\">\n\t\t\t<p>Last Name<br \/>\n<label><br \/>\n<span class=\"wpcf7-form-control-wrap\" data-name=\"text-339\"><input size=\"40\" maxlength=\"400\" class=\"wpcf7-form-control wpcf7-text wpcf7-validates-as-required\" aria-required=\"true\" aria-invalid=\"false\" placeholder=\"Last Name\" value=\"\" type=\"text\" name=\"text-339\" \/><\/span><\/label>\n\t\t\t<\/p>\n\t\t<\/div>\n\t\t<div class=\"pxl-email\">\n\t\t\t<p>E-mail Address<br \/>\n<label><br \/>\n<span class=\"wpcf7-form-control-wrap\" data-name=\"email-381\"><input size=\"40\" maxlength=\"400\" class=\"wpcf7-form-control wpcf7-email wpcf7-validates-as-required wpcf7-text wpcf7-validates-as-email\" aria-required=\"true\" aria-invalid=\"false\" placeholder=\"example@email.com\" value=\"\" type=\"email\" name=\"email-381\" \/><\/span><\/label>\n\t\t\t<\/p>\n\t\t<\/div>\n\t\t<div class=\"pxl-comment\">\n\t\t\t<p>Your Message<br \/>\n<label><br \/>\n<span class=\"wpcf7-form-control-wrap\" data-name=\"textarea-401\"><textarea cols=\"40\" rows=\"10\" maxlength=\"2000\" class=\"wpcf7-form-control wpcf7-textarea wpcf7-validates-as-required\" aria-required=\"true\" aria-invalid=\"false\" placeholder=\"Add your comment\" name=\"textarea-401\"><\/textarea><\/span><\/label>\n\t\t\t<\/p>\n\t\t<\/div>\n\t\t<div class=\"contact-submit\">\n\t\t\t<p><button class=\"btn pxl-icon-active btn-block-inline  btn-icon-box4 pxl-icon--right\" type=\"submit\" data-animation=\"pxl-xspin\"><br \/>\n<span class=\"pxl--btn-icon\"><br \/>\n<i aria-hidden=\"true\" class=\"flaticon flaticon-next\"><\/i><br \/>\n<\/span><br \/>\n<span class=\"pxl--btn-text\" data-text=\"Contact Us\"><br \/>\nSend<br \/>\n<\/span><br \/>\n<\/button>\n\t\t\t<\/p>\n\t\t<\/div>\n\t<\/div>\n<\/div><div class=\"wpcf7-response-output\" aria-hidden=\"true\"><\/div>\n<input type=\"hidden\" name=\"trp-form-language\" value=\"en\"\/><\/form>\n<\/div>\n    <\/div>\r\n\t\t\t\t<\/div>\n\t\t\t\t<\/div>\n\t\t            <\/div>\r\n        <\/div>\r\n        \t\t\t<\/div>\n\t\t<\/section>\n\t\t\t\t<\/div>","protected":false},"excerpt":{"rendered":"<p>Hemen Bizimle \u0130leti\u015fime Ge\u00e7in Konum Ar-Ge ofisimizden diledi\u011finiz zaman bize ula\u015fabilirsiniz. Bo\u011fazi\u00e7i \u00dcniversitesi Teknopark &#8211; No: 104\/13 \u0130\u00e7 Kap\u0131 No: 18 \u00dcsk\u00fcdar \/ \u0130stanbul E-posta Proje ve i\u015f birli\u011fi talepleriniz i\u00e7in bize e-posta g\u00f6nderebilirsiniz. info@cogniva.com.tr Telefon H\u0131zl\u0131 ileti\u015fim i\u00e7in bizi arayabilirsiniz. (+90) 216 606 24 68 Konum Bilgilerimiz Harita \u00fczerinden ofisimizin konumuna kolayca ula\u015fabilir, yol [&hellip;]<\/p>","protected":false},"author":1,"featured_media":0,"parent":0,"menu_order":0,"comment_status":"closed","ping_status":"closed","template":"","meta":{"footnotes":""},"class_list":["post-2580","page","type-page","status-publish","hentry"],"_links":{"self":[{"href":"https:\/\/www.cogniva.com.tr\/en\/wp-json\/wp\/v2\/pages\/2580","targetHints":{"allow":["GET"]}}],"collection":[{"href":"https:\/\/www.cogniva.com.tr\/en\/wp-json\/wp\/v2\/pages"}],"about":[{"href":"https:\/\/www.cogniva.com.tr\/en\/wp-json\/wp\/v2\/types\/page"}],"author":[{"embeddable":true,"href":"https:\/\/www.cogniva.com.tr\/en\/wp-json\/wp\/v2\/users\/1"}],"replies":[{"embeddable":true,"href":"https:\/\/www.cogniva.com.tr\/en\/wp-json\/wp\/v2\/comments?post=2580"}],"version-history":[{"count":12,"href":"https:\/\/www.cogniva.com.tr\/en\/wp-json\/wp\/v2\/pages\/2580\/revisions"}],"predecessor-version":[{"id":14272,"href":"https:\/\/www.cogniva.com.tr\/en\/wp-json\/wp\/v2\/pages\/2580\/revisions\/14272"}],"wp:attachment":[{"href":"https:\/\/www.cogniva.com.tr\/en\/wp-json\/wp\/v2\/media?parent=2580"}],"curies":[{"name":"wp","href":"https:\/\/api.w.org\/{rel}","templated":true}]}}